{"id":162,"date":"2020-12-09T23:50:18","date_gmt":"2020-12-09T22:50:18","guid":{"rendered":"https:\/\/dreamfabrik.design\/?page_id=162"},"modified":"2020-12-12T17:57:08","modified_gmt":"2020-12-12T16:57:08","slug":"portfolio","status":"publish","type":"page","link":"https:\/\/dreamfabrik.design\/en\/portfolio\/","title":{"rendered":"Portfolio"},"content":{"rendered":"<div data-elementor-type=\"wp-page\" data-elementor-id=\"162\" class=\"elementor elementor-162\" data-elementor-settings=\"[]\">\n\t\t\t\t\t\t<div class=\"elementor-inner\">\n\t\t\t\t\t\t\t<div class=\"elementor-section-wrap\">\n\t\t\t\t\t\t\t<section class=\"elementor-section elementor-top-section elementor-element elementor-element-069b401 elementor-section-height-full port-slide elementor-section-content-middle elementor-section-boxed elementor-section-height-default elementor-section-items-middle\" data-id=\"069b401\" data-element_type=\"section\">\n\t\t\t\t\t\t<div class=\"elementor-container elementor-column-gap-default\">\n\t\t\t\t\t\t\t<div class=\"elementor-row\">\n\t\t\t\t\t<div class=\"elementor-column elementor-col-100 elementor-top-column elementor-element elementor-element-f9e827a\" data-id=\"f9e827a\" data-element_type=\"column\">\n\t\t\t<div class=\"elementor-column-wrap elementor-element-populated\">\n\t\t\t\t\t\t\t<div class=\"elementor-widget-wrap\">\n\t\t\t\t\t\t<div class=\"elementor-element elementor-element-ef56962 project-img elementor-widget elementor-widget-image\" data-id=\"ef56962\" data-element_type=\"widget\" data-widget_type=\"image.default\">\n\t\t\t\t<div class=\"elementor-widget-container\">\n\t\t\t\t\t<div class=\"elementor-image\">\n\t\t\t\t\t\t\t\t\t\t<img width=\"1920\" height=\"1080\" src=\"https:\/\/dreamfabrik.design\/wp-content\/uploads\/2018\/07\/buylando.jpg\" class=\"attachment-full size-full\" alt=\"\" decoding=\"async\" loading=\"lazy\" srcset=\"https:\/\/dreamfabrik.design\/wp-content\/uploads\/2018\/07\/buylando.jpg 1920w, https:\/\/dreamfabrik.design\/wp-content\/uploads\/2018\/07\/buylando-300x169.jpg 300w, https:\/\/dreamfabrik.design\/wp-content\/uploads\/2018\/07\/buylando-768x432.jpg 768w, https:\/\/dreamfabrik.design\/wp-content\/uploads\/2018\/07\/buylando-1024x576.jpg 1024w\" sizes=\"(max-width: 1920px) 100vw, 1920px\" \/>\t\t\t\t\t\t\t\t\t\t\t<\/div>\n\t\t\t\t<\/div>\n\t\t\t\t<\/div>\n\t\t\t\t<section class=\"elementor-section elementor-inner-section elementor-element elementor-element-b6176fc proj-slide-cont elementor-section-full_width elementor-section-height-min-height elementor-section-content-top elementor-section-height-default\" data-id=\"b6176fc\" data-element_type=\"section\">\n\t\t\t\t\t\t<div class=\"elementor-container elementor-column-gap-default\">\n\t\t\t\t\t\t\t<div class=\"elementor-row\">\n\t\t\t\t\t<div class=\"elementor-column elementor-col-50 elementor-inner-column elementor-element elementor-element-8b6579a\" data-id=\"8b6579a\" data-element_type=\"column\">\n\t\t\t<div class=\"elementor-column-wrap\">\n\t\t\t\t\t\t\t<div class=\"elementor-widget-wrap\">\n\t\t\t\t\t\t\t\t<\/div>\n\t\t\t\t\t<\/div>\n\t\t<\/div>\n\t\t\t\t<div class=\"elementor-column elementor-col-50 elementor-inner-column elementor-element elementor-element-8073ec8 project-info\" data-id=\"8073ec8\" data-element_type=\"column\">\n\t\t\t<div class=\"elementor-column-wrap elementor-element-populated\">\n\t\t\t\t\t\t\t<div class=\"elementor-widget-wrap\">\n\t\t\t\t\t\t<div class=\"elementor-element elementor-element-72b9c43 project-title elementor-widget elementor-widget-heading\" data-id=\"72b9c43\" data-element_type=\"widget\" data-widget_type=\"heading.default\">\n\t\t\t\t<div class=\"elementor-widget-container\">\n\t\t\t<h2 class=\"elementor-heading-title elementor-size-default\">Online-Shop Buylando.com<\/h2>\t\t<\/div>\n\t\t\t\t<\/div>\n\t\t\t\t<div class=\"elementor-element elementor-element-42189b4 project-subtitle elementor-widget elementor-widget-heading\" data-id=\"42189b4\" data-element_type=\"widget\" data-widget_type=\"heading.default\">\n\t\t\t\t<div class=\"elementor-widget-container\">\n\t\t\t<h3 class=\"elementor-heading-title elementor-size-default\">www.buylando.com<\/h3>\t\t<\/div>\n\t\t\t\t<\/div>\n\t\t\t\t<div class=\"elementor-element elementor-element-e3c1246 elementor-widget elementor-widget-html\" data-id=\"e3c1246\" data-element_type=\"widget\" data-widget_type=\"html.default\">\n\t\t\t\t<div class=\"elementor-widget-container\">\n\t\t\t<input type=\"checkbox\" class=\"check-more-info\" id=\"check1\" hidden>\n<label for=\"check1\" class=\"project-more-info icon-close\"><\/label>\t\t<\/div>\n\t\t\t\t<\/div>\n\t\t\t\t<div class=\"elementor-element elementor-element-8573c4e project-desc elementor-widget elementor-widget-text-editor\" data-id=\"8573c4e\" data-element_type=\"widget\" data-widget_type=\"text-editor.default\">\n\t\t\t\t<div class=\"elementor-widget-container\">\n\t\t\t\t\t<div class=\"elementor-text-editor elementor-clearfix\"><p>Ein Online-Shop, spezialisiert auf den Verkauf von general\u00fcberholten IT-Ger\u00e4ten: Laptops, Computer, Smartphones usw. Das Gesch\u00e4ft ist Eigentum der ConCord Global Services GmbH, die seit 13 Jahren professionelle Reparaturen und Restaurierungen von Ger\u00e4ten betreibt. Die Idee war, sich vom typischen Aufbau von Online-Shops abzuheben und die Informationen des Shops stattdessen in separaten Bl\u00f6cken und in verschiedenen Farben darzustellen.<\/p><\/div>\n\t\t\t\t<\/div>\n\t\t\t\t<\/div>\n\t\t\t\t\t\t<\/div>\n\t\t\t\t\t<\/div>\n\t\t<\/div>\n\t\t\t\t\t\t\t\t<\/div>\n\t\t\t\t\t<\/div>\n\t\t<\/section>\n\t\t\t\t\t\t<\/div>\n\t\t\t\t\t<\/div>\n\t\t<\/div>\n\t\t\t\t\t\t\t\t<\/div>\n\t\t\t\t\t<\/div>\n\t\t<\/section>\n\t\t\t\t<section class=\"elementor-section elementor-top-section elementor-element elementor-element-4694652 elementor-section-height-full port-slide elementor-section-content-middle elementor-section-boxed elementor-section-height-default elementor-section-items-middle\" data-id=\"4694652\" data-element_type=\"section\">\n\t\t\t\t\t\t<div class=\"elementor-container elementor-column-gap-default\">\n\t\t\t\t\t\t\t<div class=\"elementor-row\">\n\t\t\t\t\t<div class=\"elementor-column elementor-col-100 elementor-top-column elementor-element elementor-element-40438c6\" data-id=\"40438c6\" data-element_type=\"column\">\n\t\t\t<div class=\"elementor-column-wrap elementor-element-populated\">\n\t\t\t\t\t\t\t<div class=\"elementor-widget-wrap\">\n\t\t\t\t\t\t<div class=\"elementor-element elementor-element-698a7ed project-img elementor-widget elementor-widget-image\" data-id=\"698a7ed\" data-element_type=\"widget\" data-widget_type=\"image.default\">\n\t\t\t\t<div class=\"elementor-widget-container\">\n\t\t\t\t\t<div class=\"elementor-image\">\n\t\t\t\t\t\t\t\t\t\t<img width=\"1920\" height=\"1080\" src=\"https:\/\/dreamfabrik.design\/wp-content\/uploads\/2018\/10\/trs.jpg\" class=\"attachment-full size-full\" alt=\"\" decoding=\"async\" loading=\"lazy\" srcset=\"https:\/\/dreamfabrik.design\/wp-content\/uploads\/2018\/10\/trs.jpg 1920w, https:\/\/dreamfabrik.design\/wp-content\/uploads\/2018\/10\/trs-300x169.jpg 300w, https:\/\/dreamfabrik.design\/wp-content\/uploads\/2018\/10\/trs-768x432.jpg 768w, https:\/\/dreamfabrik.design\/wp-content\/uploads\/2018\/10\/trs-1024x576.jpg 1024w\" sizes=\"(max-width: 1920px) 100vw, 1920px\" \/>\t\t\t\t\t\t\t\t\t\t\t<\/div>\n\t\t\t\t<\/div>\n\t\t\t\t<\/div>\n\t\t\t\t<section class=\"elementor-section elementor-inner-section elementor-element elementor-element-27f3ba1 proj-slide-cont elementor-section-full_width elementor-section-height-min-height elementor-section-content-top elementor-section-height-default\" data-id=\"27f3ba1\" data-element_type=\"section\">\n\t\t\t\t\t\t<div class=\"elementor-container elementor-column-gap-default\">\n\t\t\t\t\t\t\t<div class=\"elementor-row\">\n\t\t\t\t\t<div class=\"elementor-column elementor-col-50 elementor-inner-column elementor-element elementor-element-b71aa1f\" data-id=\"b71aa1f\" data-element_type=\"column\">\n\t\t\t<div class=\"elementor-column-wrap\">\n\t\t\t\t\t\t\t<div class=\"elementor-widget-wrap\">\n\t\t\t\t\t\t\t\t<\/div>\n\t\t\t\t\t<\/div>\n\t\t<\/div>\n\t\t\t\t<div class=\"elementor-column elementor-col-50 elementor-inner-column elementor-element elementor-element-837ff42 project-info\" data-id=\"837ff42\" data-element_type=\"column\">\n\t\t\t<div class=\"elementor-column-wrap elementor-element-populated\">\n\t\t\t\t\t\t\t<div class=\"elementor-widget-wrap\">\n\t\t\t\t\t\t<div class=\"elementor-element elementor-element-ad5ee53 project-title elementor-widget elementor-widget-heading\" data-id=\"ad5ee53\" data-element_type=\"widget\" data-widget_type=\"heading.default\">\n\t\t\t\t<div class=\"elementor-widget-container\">\n\t\t\t<h2 class=\"elementor-heading-title elementor-size-default\">The Refurbished Store<\/h2>\t\t<\/div>\n\t\t\t\t<\/div>\n\t\t\t\t<div class=\"elementor-element elementor-element-091ddc4 project-subtitle elementor-widget elementor-widget-heading\" data-id=\"091ddc4\" data-element_type=\"widget\" data-widget_type=\"heading.default\">\n\t\t\t\t<div class=\"elementor-widget-container\">\n\t\t\t<h3 class=\"elementor-heading-title elementor-size-default\">www.therefurbishedstore.com<\/h3>\t\t<\/div>\n\t\t\t\t<\/div>\n\t\t\t\t<div class=\"elementor-element elementor-element-6868c03 elementor-widget elementor-widget-html\" data-id=\"6868c03\" data-element_type=\"widget\" data-widget_type=\"html.default\">\n\t\t\t\t<div class=\"elementor-widget-container\">\n\t\t\t<input type=\"checkbox\" class=\"check-more-info\" id=\"check2\" hidden>\n<label for=\"check2\" class=\"project-more-info icon-close\"><\/label>\t\t<\/div>\n\t\t\t\t<\/div>\n\t\t\t\t<div class=\"elementor-element elementor-element-d9bc8b9 project-desc elementor-widget elementor-widget-text-editor\" data-id=\"d9bc8b9\" data-element_type=\"widget\" data-widget_type=\"text-editor.default\">\n\t\t\t\t<div class=\"elementor-widget-container\">\n\t\t\t\t\t<div class=\"elementor-text-editor elementor-clearfix\"><p>Ein weiterer Online-Shop der ConCord Global Services GmbH mit dem Fokus auf Firmenkunden. Das Ziel war es, die Website in einem einfachen unkomplizierten Stil darzustellen ohne \u00fcberfl\u00fc\u00dfige Texte und Werbeinformationen wie es f\u00fcr Online-Shops typisch ist. Bei der Farbgestaltung des Shops wurde bewusst darauf geachtet die \u00f6kologische Aspekte hervorzuheben &#8211; da der Kauf restaurierter Ger\u00e4te einen positiven Einfluss auf die Umwelt hat.<\/p><\/div>\n\t\t\t\t<\/div>\n\t\t\t\t<\/div>\n\t\t\t\t\t\t<\/div>\n\t\t\t\t\t<\/div>\n\t\t<\/div>\n\t\t\t\t\t\t\t\t<\/div>\n\t\t\t\t\t<\/div>\n\t\t<\/section>\n\t\t\t\t\t\t<\/div>\n\t\t\t\t\t<\/div>\n\t\t<\/div>\n\t\t\t\t\t\t\t\t<\/div>\n\t\t\t\t\t<\/div>\n\t\t<\/section>\n\t\t\t\t<section class=\"elementor-section elementor-top-section elementor-element elementor-element-847884f elementor-section-height-full port-slide elementor-section-content-middle elementor-section-boxed elementor-section-height-default elementor-section-items-middle\" data-id=\"847884f\" data-element_type=\"section\">\n\t\t\t\t\t\t<div class=\"elementor-container elementor-column-gap-default\">\n\t\t\t\t\t\t\t<div class=\"elementor-row\">\n\t\t\t\t\t<div class=\"elementor-column elementor-col-100 elementor-top-column elementor-element elementor-element-2c9db82\" data-id=\"2c9db82\" data-element_type=\"column\">\n\t\t\t<div class=\"elementor-column-wrap elementor-element-populated\">\n\t\t\t\t\t\t\t<div class=\"elementor-widget-wrap\">\n\t\t\t\t\t\t<div class=\"elementor-element elementor-element-b64bce3 project-img elementor-widget elementor-widget-image\" data-id=\"b64bce3\" data-element_type=\"widget\" data-widget_type=\"image.default\">\n\t\t\t\t<div class=\"elementor-widget-container\">\n\t\t\t\t\t<div class=\"elementor-image\">\n\t\t\t\t\t\t\t\t\t\t<img width=\"1920\" height=\"1080\" src=\"https:\/\/dreamfabrik.design\/wp-content\/uploads\/2018\/10\/inwar.jpg\" class=\"attachment-full size-full\" alt=\"\" decoding=\"async\" loading=\"lazy\" srcset=\"https:\/\/dreamfabrik.design\/wp-content\/uploads\/2018\/10\/inwar.jpg 1920w, https:\/\/dreamfabrik.design\/wp-content\/uploads\/2018\/10\/inwar-300x169.jpg 300w, https:\/\/dreamfabrik.design\/wp-content\/uploads\/2018\/10\/inwar-768x432.jpg 768w, https:\/\/dreamfabrik.design\/wp-content\/uploads\/2018\/10\/inwar-1024x576.jpg 1024w\" sizes=\"(max-width: 1920px) 100vw, 1920px\" \/>\t\t\t\t\t\t\t\t\t\t\t<\/div>\n\t\t\t\t<\/div>\n\t\t\t\t<\/div>\n\t\t\t\t<section class=\"elementor-section elementor-inner-section elementor-element elementor-element-486765a proj-slide-cont elementor-section-full_width elementor-section-height-min-height elementor-section-content-top elementor-section-height-default\" data-id=\"486765a\" data-element_type=\"section\">\n\t\t\t\t\t\t<div class=\"elementor-container elementor-column-gap-default\">\n\t\t\t\t\t\t\t<div class=\"elementor-row\">\n\t\t\t\t\t<div class=\"elementor-column elementor-col-50 elementor-inner-column elementor-element elementor-element-53ef275\" data-id=\"53ef275\" data-element_type=\"column\">\n\t\t\t<div class=\"elementor-column-wrap\">\n\t\t\t\t\t\t\t<div class=\"elementor-widget-wrap\">\n\t\t\t\t\t\t\t\t<\/div>\n\t\t\t\t\t<\/div>\n\t\t<\/div>\n\t\t\t\t<div class=\"elementor-column elementor-col-50 elementor-inner-column elementor-element elementor-element-a7f68d7 project-info\" data-id=\"a7f68d7\" data-element_type=\"column\">\n\t\t\t<div class=\"elementor-column-wrap elementor-element-populated\">\n\t\t\t\t\t\t\t<div class=\"elementor-widget-wrap\">\n\t\t\t\t\t\t<div class=\"elementor-element elementor-element-25de31a project-title elementor-widget elementor-widget-heading\" data-id=\"25de31a\" data-element_type=\"widget\" data-widget_type=\"heading.default\">\n\t\t\t\t<div class=\"elementor-widget-container\">\n\t\t\t<h2 class=\"elementor-heading-title elementor-size-default\">Event \"Interactive War\"<\/h2>\t\t<\/div>\n\t\t\t\t<\/div>\n\t\t\t\t<div class=\"elementor-element elementor-element-4ddae99 project-subtitle elementor-widget elementor-widget-heading\" data-id=\"4ddae99\" data-element_type=\"widget\" data-widget_type=\"heading.default\">\n\t\t\t\t<div class=\"elementor-widget-container\">\n\t\t\t<h3 class=\"elementor-heading-title elementor-size-default\">www.inwar.club<\/h3>\t\t<\/div>\n\t\t\t\t<\/div>\n\t\t\t\t<div class=\"elementor-element elementor-element-b4184fb elementor-widget elementor-widget-html\" data-id=\"b4184fb\" data-element_type=\"widget\" data-widget_type=\"html.default\">\n\t\t\t\t<div class=\"elementor-widget-container\">\n\t\t\t<input type=\"checkbox\" class=\"check-more-info\" id=\"check2\" hidden>\n<label for=\"check2\" class=\"project-more-info icon-close\"><\/label>\t\t<\/div>\n\t\t\t\t<\/div>\n\t\t\t\t<div class=\"elementor-element elementor-element-e73dde3 project-desc elementor-widget elementor-widget-text-editor\" data-id=\"e73dde3\" data-element_type=\"widget\" data-widget_type=\"text-editor.default\">\n\t\t\t\t<div class=\"elementor-widget-container\">\n\t\t\t\t\t<div class=\"elementor-text-editor elementor-clearfix\"><p>Eine Webseite speziell ausgerichtet um internationale Tourniere ein sogenannter &#8222;Interactive War&#8220; im Flugsimulatorspiel &#8222;IL-2 Sturmovik: Battle of Stalingrad&#8220; bestreiten zu k\u00f6nnen. Das Designkonzept ist von Michail Kainov aka &#8222;ver1ex&#8220;. Der Aufbau und alle Designerweiterungen sind von DreamFabrik.<br \/>Die Webseite dient als Informationsquelle \u00fcber: aktuelle Tournierphasen, Statistiken, Registrierungsm\u00f6glichkeiten, eigene Pilotenprofile mit Auszeichnungen, verschiedene virtuelle Staffeln. Zus\u00e4tzlich werden noch viele geschichtliche Hindergrundinformationen zu den einzelnen Missionen angeboten.<\/p><\/div>\n\t\t\t\t<\/div>\n\t\t\t\t<\/div>\n\t\t\t\t\t\t<\/div>\n\t\t\t\t\t<\/div>\n\t\t<\/div>\n\t\t\t\t\t\t\t\t<\/div>\n\t\t\t\t\t<\/div>\n\t\t<\/section>\n\t\t\t\t\t\t<\/div>\n\t\t\t\t\t<\/div>\n\t\t<\/div>\n\t\t\t\t\t\t\t\t<\/div>\n\t\t\t\t\t<\/div>\n\t\t<\/section>\n\t\t\t\t<section class=\"elementor-section elementor-top-section elementor-element elementor-element-ba507a4 elementor-section-height-full port-slide elementor-section-content-middle elementor-section-boxed elementor-section-height-default elementor-section-items-middle\" data-id=\"ba507a4\" data-element_type=\"section\">\n\t\t\t\t\t\t<div class=\"elementor-container elementor-column-gap-default\">\n\t\t\t\t\t\t\t<div class=\"elementor-row\">\n\t\t\t\t\t<div class=\"elementor-column elementor-col-100 elementor-top-column elementor-element elementor-element-a05f8bc\" data-id=\"a05f8bc\" data-element_type=\"column\">\n\t\t\t<div class=\"elementor-column-wrap elementor-element-populated\">\n\t\t\t\t\t\t\t<div class=\"elementor-widget-wrap\">\n\t\t\t\t\t\t<div class=\"elementor-element elementor-element-56f4e69 project-img elementor-widget elementor-widget-image\" data-id=\"56f4e69\" data-element_type=\"widget\" data-widget_type=\"image.default\">\n\t\t\t\t<div class=\"elementor-widget-container\">\n\t\t\t\t\t<div class=\"elementor-image\">\n\t\t\t\t\t\t\t\t\t\t<img width=\"1920\" height=\"1080\" src=\"https:\/\/dreamfabrik.design\/wp-content\/uploads\/2018\/10\/terminal.jpg\" class=\"attachment-full size-full\" alt=\"\" decoding=\"async\" loading=\"lazy\" srcset=\"https:\/\/dreamfabrik.design\/wp-content\/uploads\/2018\/10\/terminal.jpg 1920w, https:\/\/dreamfabrik.design\/wp-content\/uploads\/2018\/10\/terminal-300x169.jpg 300w, https:\/\/dreamfabrik.design\/wp-content\/uploads\/2018\/10\/terminal-768x432.jpg 768w, https:\/\/dreamfabrik.design\/wp-content\/uploads\/2018\/10\/terminal-1024x576.jpg 1024w\" sizes=\"(max-width: 1920px) 100vw, 1920px\" \/>\t\t\t\t\t\t\t\t\t\t\t<\/div>\n\t\t\t\t<\/div>\n\t\t\t\t<\/div>\n\t\t\t\t<section class=\"elementor-section elementor-inner-section elementor-element elementor-element-5fa7ff5 proj-slide-cont elementor-section-full_width elementor-section-height-min-height elementor-section-content-top elementor-section-height-default\" data-id=\"5fa7ff5\" data-element_type=\"section\">\n\t\t\t\t\t\t<div class=\"elementor-container elementor-column-gap-default\">\n\t\t\t\t\t\t\t<div class=\"elementor-row\">\n\t\t\t\t\t<div class=\"elementor-column elementor-col-50 elementor-inner-column elementor-element elementor-element-4d470c8\" data-id=\"4d470c8\" data-element_type=\"column\">\n\t\t\t<div class=\"elementor-column-wrap\">\n\t\t\t\t\t\t\t<div class=\"elementor-widget-wrap\">\n\t\t\t\t\t\t\t\t<\/div>\n\t\t\t\t\t<\/div>\n\t\t<\/div>\n\t\t\t\t<div class=\"elementor-column elementor-col-50 elementor-inner-column elementor-element elementor-element-f9000dd project-info\" data-id=\"f9000dd\" data-element_type=\"column\">\n\t\t\t<div class=\"elementor-column-wrap elementor-element-populated\">\n\t\t\t\t\t\t\t<div class=\"elementor-widget-wrap\">\n\t\t\t\t\t\t<div class=\"elementor-element elementor-element-c10aace project-title elementor-widget elementor-widget-heading\" data-id=\"c10aace\" data-element_type=\"widget\" data-widget_type=\"heading.default\">\n\t\t\t\t<div class=\"elementor-widget-container\">\n\t\t\t<h2 class=\"elementor-heading-title elementor-size-default\">Taxi \"Terminal\"<\/h2>\t\t<\/div>\n\t\t\t\t<\/div>\n\t\t\t\t<div class=\"elementor-element elementor-element-19646a4 project-subtitle elementor-widget elementor-widget-heading\" data-id=\"19646a4\" data-element_type=\"widget\" data-widget_type=\"heading.default\">\n\t\t\t\t<div class=\"elementor-widget-container\">\n\t\t\t<h3 class=\"elementor-heading-title elementor-size-default\">www.terminal.taxi<\/h3>\t\t<\/div>\n\t\t\t\t<\/div>\n\t\t\t\t<div class=\"elementor-element elementor-element-68a6a16 elementor-widget elementor-widget-html\" data-id=\"68a6a16\" data-element_type=\"widget\" data-widget_type=\"html.default\">\n\t\t\t\t<div class=\"elementor-widget-container\">\n\t\t\t<input type=\"checkbox\" class=\"check-more-info\" id=\"check2\" hidden>\n<label for=\"check2\" class=\"project-more-info icon-close\"><\/label>\t\t<\/div>\n\t\t\t\t<\/div>\n\t\t\t\t<div class=\"elementor-element elementor-element-d14a4d4 project-desc elementor-widget elementor-widget-text-editor\" data-id=\"d14a4d4\" data-element_type=\"widget\" data-widget_type=\"text-editor.default\">\n\t\t\t\t<div class=\"elementor-widget-container\">\n\t\t\t\t\t<div class=\"elementor-text-editor elementor-clearfix\"><p>Eine Webseite des Premium-Taxi &#8222;Terminal&#8220; in St. Petersburg, mit welcher die Kunden ein Taxi online anfordern und gleichzeitig ihre Fahrtkosten berechnen k\u00f6nnen. Des Weiteren k\u00f6nnen sich die Kunden auf der Webseite \u00fcber zus\u00e4tzliche Transportdienstleistungen des Unternehmens informieren. Da der Fokus in erster Linie auf Gesch\u00e4ftskunden liegt, wurde f\u00fcr die Farbgestaltung eine elegante dunkle Graustufe gew\u00e4hlt. F\u00fcr die Fahrtkostenberechnung , wird die in Russland g\u00e4ngige Yandex.Maps Technologie verwendet.<\/p><\/div>\n\t\t\t\t<\/div>\n\t\t\t\t<\/div>\n\t\t\t\t\t\t<\/div>\n\t\t\t\t\t<\/div>\n\t\t<\/div>\n\t\t\t\t\t\t\t\t<\/div>\n\t\t\t\t\t<\/div>\n\t\t<\/section>\n\t\t\t\t\t\t<\/div>\n\t\t\t\t\t<\/div>\n\t\t<\/div>\n\t\t\t\t\t\t\t\t<\/div>\n\t\t\t\t\t<\/div>\n\t\t<\/section>\n\t\t\t\t<section class=\"elementor-section elementor-top-section elementor-element elementor-element-1f69302 elementor-section-height-full port-slide elementor-section-content-middle elementor-section-boxed elementor-section-height-default elementor-section-items-middle\" data-id=\"1f69302\" data-element_type=\"section\">\n\t\t\t\t\t\t<div class=\"elementor-container elementor-column-gap-default\">\n\t\t\t\t\t\t\t<div class=\"elementor-row\">\n\t\t\t\t\t<div class=\"elementor-column elementor-col-100 elementor-top-column elementor-element elementor-element-8f4d421\" data-id=\"8f4d421\" data-element_type=\"column\">\n\t\t\t<div class=\"elementor-column-wrap elementor-element-populated\">\n\t\t\t\t\t\t\t<div class=\"elementor-widget-wrap\">\n\t\t\t\t\t\t<div class=\"elementor-element elementor-element-cc0362b project-img elementor-widget elementor-widget-image\" data-id=\"cc0362b\" data-element_type=\"widget\" data-widget_type=\"image.default\">\n\t\t\t\t<div class=\"elementor-widget-container\">\n\t\t\t\t\t<div class=\"elementor-image\">\n\t\t\t\t\t\t\t\t\t\t<img width=\"1920\" height=\"1080\" src=\"https:\/\/dreamfabrik.design\/wp-content\/uploads\/2018\/10\/tyrgid74.jpg\" class=\"attachment-full size-full\" alt=\"\" decoding=\"async\" loading=\"lazy\" srcset=\"https:\/\/dreamfabrik.design\/wp-content\/uploads\/2018\/10\/tyrgid74.jpg 1920w, https:\/\/dreamfabrik.design\/wp-content\/uploads\/2018\/10\/tyrgid74-300x169.jpg 300w, https:\/\/dreamfabrik.design\/wp-content\/uploads\/2018\/10\/tyrgid74-768x432.jpg 768w, https:\/\/dreamfabrik.design\/wp-content\/uploads\/2018\/10\/tyrgid74-1024x576.jpg 1024w\" sizes=\"(max-width: 1920px) 100vw, 1920px\" \/>\t\t\t\t\t\t\t\t\t\t\t<\/div>\n\t\t\t\t<\/div>\n\t\t\t\t<\/div>\n\t\t\t\t<section class=\"elementor-section elementor-inner-section elementor-element elementor-element-b69f27e proj-slide-cont elementor-section-full_width elementor-section-height-min-height elementor-section-content-top elementor-section-height-default\" data-id=\"b69f27e\" data-element_type=\"section\">\n\t\t\t\t\t\t<div class=\"elementor-container elementor-column-gap-default\">\n\t\t\t\t\t\t\t<div class=\"elementor-row\">\n\t\t\t\t\t<div class=\"elementor-column elementor-col-50 elementor-inner-column elementor-element elementor-element-21dcaeb\" data-id=\"21dcaeb\" data-element_type=\"column\">\n\t\t\t<div class=\"elementor-column-wrap\">\n\t\t\t\t\t\t\t<div class=\"elementor-widget-wrap\">\n\t\t\t\t\t\t\t\t<\/div>\n\t\t\t\t\t<\/div>\n\t\t<\/div>\n\t\t\t\t<div class=\"elementor-column elementor-col-50 elementor-inner-column elementor-element elementor-element-ba075a5 project-info\" data-id=\"ba075a5\" data-element_type=\"column\">\n\t\t\t<div class=\"elementor-column-wrap elementor-element-populated\">\n\t\t\t\t\t\t\t<div class=\"elementor-widget-wrap\">\n\t\t\t\t\t\t<div class=\"elementor-element elementor-element-5707579 project-title elementor-widget elementor-widget-heading\" data-id=\"5707579\" data-element_type=\"widget\" data-widget_type=\"heading.default\">\n\t\t\t\t<div class=\"elementor-widget-container\">\n\t\t\t<h2 class=\"elementor-heading-title elementor-size-default\">Reiseb\u00fcro \"Turgid\"<\/h2>\t\t<\/div>\n\t\t\t\t<\/div>\n\t\t\t\t<div class=\"elementor-element elementor-element-ea07b20 project-subtitle elementor-widget elementor-widget-heading\" data-id=\"ea07b20\" data-element_type=\"widget\" data-widget_type=\"heading.default\">\n\t\t\t\t<div class=\"elementor-widget-container\">\n\t\t\t<h3 class=\"elementor-heading-title elementor-size-default\">www.tyrgid74.ru<\/h3>\t\t<\/div>\n\t\t\t\t<\/div>\n\t\t\t\t<div class=\"elementor-element elementor-element-510461d elementor-widget elementor-widget-html\" data-id=\"510461d\" data-element_type=\"widget\" data-widget_type=\"html.default\">\n\t\t\t\t<div class=\"elementor-widget-container\">\n\t\t\t<input type=\"checkbox\" class=\"check-more-info\" id=\"check2\" hidden>\n<label for=\"check2\" class=\"project-more-info icon-close\"><\/label>\t\t<\/div>\n\t\t\t\t<\/div>\n\t\t\t\t<div class=\"elementor-element elementor-element-2190813 project-desc elementor-widget elementor-widget-text-editor\" data-id=\"2190813\" data-element_type=\"widget\" data-widget_type=\"text-editor.default\">\n\t\t\t\t<div class=\"elementor-widget-container\">\n\t\t\t\t\t<div class=\"elementor-text-editor elementor-clearfix\"><p>Ein altes russisches Reiseunternehmen, das sich auf Erholungs-, Kultur- und historische Reisen insbesondere im Ural spezialisiert hat. Das Symbol des Unternehmens ist die Gr\u00fcne Eidechse, die sich auf die Ural-Traditionen bezieht. Der gleiche gr\u00fcne Farbton wurde auch verwendet um einzelne Elemente der Website zu betonen.<\/p><\/div>\n\t\t\t\t<\/div>\n\t\t\t\t<\/div>\n\t\t\t\t\t\t<\/div>\n\t\t\t\t\t<\/div>\n\t\t<\/div>\n\t\t\t\t\t\t\t\t<\/div>\n\t\t\t\t\t<\/div>\n\t\t<\/section>\n\t\t\t\t\t\t<\/div>\n\t\t\t\t\t<\/div>\n\t\t<\/div>\n\t\t\t\t\t\t\t\t<\/div>\n\t\t\t\t\t<\/div>\n\t\t<\/section>\n\t\t\t\t\t\t<\/div>\n\t\t\t\t\t\t<\/div>\n\t\t\t\t\t<\/div>","protected":false},"excerpt":{"rendered":"<p>Online-Shop Buylando.com www.buylando.com Ein Online-Shop, spezialisiert auf den Verkauf von general\u00fcberholten IT-Ger\u00e4ten: Laptops, Computer, Smartphones usw. Das Gesch\u00e4ft ist Eigentum der ConCord Global Services GmbH, die seit 13 Jahren professionelle Reparaturen und Restaurierungen von Ger\u00e4ten betreibt. Die Idee war, sich vom typischen Aufbau von Online-Shops abzuheben und die Informationen des Shops stattdessen in separaten Bl\u00f6cken [&hellip;]<\/p>","protected":false},"author":1,"featured_media":0,"parent":0,"menu_order":0,"comment_status":"closed","ping_status":"closed","template":"portfolio-page.php","meta":[],"_links":{"self":[{"href":"https:\/\/dreamfabrik.design\/en\/wp-json\/wp\/v2\/pages\/162"}],"collection":[{"href":"https:\/\/dreamfabrik.design\/en\/wp-json\/wp\/v2\/pages"}],"about":[{"href":"https:\/\/dreamfabrik.design\/en\/wp-json\/wp\/v2\/types\/page"}],"author":[{"embeddable":true,"href":"https:\/\/dreamfabrik.design\/en\/wp-json\/wp\/v2\/users\/1"}],"replies":[{"embeddable":true,"href":"https:\/\/dreamfabrik.design\/en\/wp-json\/wp\/v2\/comments?post=162"}],"version-history":[{"count":34,"href":"https:\/\/dreamfabrik.design\/en\/wp-json\/wp\/v2\/pages\/162\/revisions"}],"predecessor-version":[{"id":196,"href":"https:\/\/dreamfabrik.design\/en\/wp-json\/wp\/v2\/pages\/162\/revisions\/196"}],"wp:attachment":[{"href":"https:\/\/dreamfabrik.design\/en\/wp-json\/wp\/v2\/media?parent=162"}],"curies":[{"name":"wp","href":"https:\/\/api.w.org\/{rel}","templated":true}]}}